{"id":2079,"date":"2021-11-24T07:54:02","date_gmt":"2021-11-24T07:54:02","guid":{"rendered":"https:\/\/aromaplant.de\/?page_id=2079"},"modified":"2021-11-30T11:47:04","modified_gmt":"2021-11-30T11:47:04","slug":"vorstellung","status":"publish","type":"page","link":"https:\/\/aromaplant.de\/de\/vorstellung\/","title":{"rendered":"About Us"},"content":{"rendered":"<div class=\"fusion-fullwidth fullwidth-box fusion-builder-row-1 fusion-flex-container hundred-percent-fullwidth hundred-percent-height hundred-percent-height-center-content non-hundred-percent-height-scrolling\" style=\"background-color: rgba(51,51,51,0.69);background-position: center center;background-repeat: no-repeat;border-width: 0px 0px 0px 0px;border-color:#eae9e9;border-style:solid;\" ><div class=\"fusion-builder-row fusion-row fusion-flex-align-items-stretch\" style=\"width:104% !important;max-width:104% !important;margin-left: calc(-4% \/ 2 );margin-right: calc(-4% \/ 2 );\"><div class=\"fusion-layout-column fusion_builder_column fusion-builder-column-0 fusion_builder_column_3_5 3_5 fusion-flex-column fusion-animated\" data-animationType=\"fadeInLeft\" data-animationDuration=\"2.5\" data-animationOffset=\"top-into-view\"><div class=\"fusion-column-wrapper fusion-flex-justify-content-flex-start fusion-content-layout-column\" style=\"background-position:left top;background-repeat:no-repeat;-webkit-background-size:cover;-moz-background-size:cover;-o-background-size:cover;background-size:cover;padding: 40px 50px 20px 50px;\"><style type=\"text\/css\">@media only screen and (max-width:1024px) {.fusion-title.fusion-title-1{margin-top:0px!important; margin-right:0px!important;margin-bottom:30px!important;margin-left:0px!important;}}@media only screen and (max-width:640px) {.fusion-title.fusion-title-1{margin-top:0px!important; margin-right:0px!important;margin-bottom:20px!important; margin-left:0px!important;}}<\/style><div class=\"fusion-title title fusion-title-1 sep-underline sep-solid fusion-title-text fusion-title-size-two\" style=\"border-bottom-color:#e0dede;font-size:20px;margin-top:0px;margin-right:0px;margin-bottom:30px;margin-left:0px;\"><h2 class=\"title-heading-left fusion-responsive-typography-calculated\" style=\"margin:0;font-size:1em;color:#e5d8c5;--fontSize:20;--minFontSize:20px;line-height:1.28;\">\u00dcber uns<\/h2><\/div><div class=\"fusion-text fusion-text-1\" style=\"font-size:12px;color:#ffffff;\"><p style=\"text-align: justify; font-size: 14px;\" data-fusion-font=\"true\">Aromaplant hat sich auf den Anbau, die Weiterverarbeitung und den Handel mit pflanzlichen Ingredienzien sowie auf die Herstellung von Aromen und Extrakte spezialisiert. Unser Wissen und unsere Kompetenz beruhen auf langj\u00e4hrigen Erfahrungen mit diesen Rohstoffen. Unser Hauptsitz ist in Berlin, unser Lager befindet sich in Hamburg und unsere Kunden sind auf der ganzen Welt zuhause. Mit einer leistungsf\u00e4higen Logistik erm\u00f6glichen wir eine zuverl\u00e4ssige und termingerechte Transportabwicklung nicht nur innerhalb Deutschlands, sondern auch in Europa und weltweit.<\/p>\n<p style=\"text-align: justify; font-size: 14px; cursor: text;\" data-fusion-font=\"true\">Die Erfolgsgeschichte von Aromaplant beginnt im Jahre 2006. Eingangs vertrieben wir eher seltene pflanzliche Rohstoffe direkt an unsere Kunden. Dank der hohen Qualit\u00e4t dieser Produkte lie\u00df der Erfolg nicht auf sich warten und Aromaplant wuchs zusehends zu einem stattlichen Unternehmen, was immer mehr an Bedeutung am Lebensmittelmarkt gewinnen konnte.<\/p>\n<p style=\"text-align: justify; font-size: 14px; cursor: text;\" data-fusion-font=\"true\">Neue Mitarbeiterverst\u00e4rken Aromaplant und auch das Produktsortiment erweiterte sich stetig. Heute umfasst unser Sortiment \u00fcber f\u00fcnfzig Produkte aus mehreren Herkunftsl\u00e4ndern. Wir besitzen diverse Anbaufl\u00e4chen und Werke direkt im Ursprung und kontrollieren somit die gesamte Supply Chain selbst. Ein enger Kontakt zu unseren Partnern vor Ort erm\u00f6glicht uns eine l\u00fcckenlose R\u00fcckverfolgbarkeit vom Anbau bis zur Auslieferung. Modernste Verarbeitungsund Laborverfahren sowie effiziente und schonende Prozesse garantieren die hohe Qualit\u00e4t unserer Produkte.<\/p>\n<p style=\"text-align: justify; font-size: 14px;\" data-fusion-font=\"true\">Unser neues, hochmodernes Werk erm\u00f6glicht uns pflanzliche Inhaltsstoffe zu extrahieren und daraus hochwertige Aromen, Extrakte und Fruchtpulver zu gewinnen. Voller Stolz bietet Aromaplant Ihnen die Essenz der Natur in seiner reinsten Form.<\/p>\n<p style=\"text-align: justify; font-size: 14px;\" data-fusion-font=\"true\">Auf den folgenden Seiten m\u00f6chten wir Ihnen unsere Verfahren und Produkte n\u00e4herbringen. F\u00fcr weitere Fragen stehen wir Ihnen gern zur Verf\u00fcgung. Auf Anfrage senden wir Ihnen gern unsere Produktspezifikationen und-muster zu und erstellen Ihnen ein individuelles Angebot.<\/p>\n<p style=\"text-align: justify; font-size: 14px;\" data-fusion-font=\"true\">Auf eine erfolgreiche Zusammenarbeit!<\/p>\n<p style=\"text-align: justify; font-size: 14px; cursor: text;\" data-fusion-font=\"true\">Ihr Aromaplant-Team<\/p>\n<\/div><\/div><style type=\"text\/css\">.fusion-body .fusion-builder-column-0{width:60% !important;margin-top : 65px;margin-bottom : 65px;}.fusion-builder-column-0 > .fusion-column-wrapper {padding-top : 40 !important;padding-right : 50 !important;margin-right : 0;padding-bottom : 20 !important;padding-left : 50 !important;margin-left : 3.2%;}@media only screen and (max-width:1024px) {.fusion-body .fusion-builder-column-0{width:60% !important;order : 0;}.fusion-builder-column-0 > .fusion-column-wrapper {margin-right : 0;margin-left : 3.2%;}}@media only screen and (max-width:640px) {.fusion-body .fusion-builder-column-0{width:100% !important;order : 2;}.fusion-builder-column-0 > .fusion-column-wrapper {padding-right : 20px !important;margin-right : 1.92%;padding-left : 20px !important;margin-left : 1.92%;}}<\/style><\/div><div class=\"fusion-layout-column fusion_builder_column fusion-builder-column-1 fusion_builder_column_2_5 2_5 fusion-flex-column\"><div class=\"fusion-column-wrapper lazyload fusion-flex-justify-content-flex-start fusion-content-layout-column fusion-empty-column-bg-image\" style=\"background-position:center center;background-repeat:no-repeat;-webkit-background-size:cover;-moz-background-size:cover;-o-background-size:cover;background-size:cover;padding: 0px 0px 327px 0px;\" data-bg-url=\"https:\/\/aromaplant.de\/wp-content\/uploads\/2021\/11\/about.jpg\" data-bg=\"https:\/\/aromaplant.de\/wp-content\/uploads\/2021\/11\/about.jpg\"><img decoding=\"async\" class=\"fusion-empty-dims-img-placeholder fusion-no-large-visibility fusion-no-medium-visibility\" src=\"data:image\/svg+xml,%3Csvg%20xmlns%3D%27http%3A%2F%2Fwww.w3.org%2F2000%2Fsvg%27%20width%3D%27951%27%20height%3D%271615%27%20viewBox%3D%270%200%20951%201615%27%3E%3Crect%20width%3D%27951%27%20height%3D%271615%27%20fill-opacity%3D%220%22%2F%3E%3C%2Fsvg%3E\"><\/div><style type=\"text\/css\">.fusion-body .fusion-builder-column-1{width:40% !important;margin-top : 0px;margin-bottom : 0px;}.fusion-builder-column-1 > .fusion-column-wrapper {padding-top : 0px !important;padding-right : 0px !important;margin-right : 4.8%;padding-bottom : 327px !important;padding-left : 0px !important;margin-left : 0;}@media only screen and (max-width:1024px) {.fusion-body .fusion-builder-column-1{width:40% !important;order : 0;}.fusion-builder-column-1 > .fusion-column-wrapper {margin-right : 4.8%;margin-left : 0;}}@media only screen and (max-width:640px) {.fusion-body .fusion-builder-column-1{width:100% !important;order : 2;}.fusion-builder-column-1 > .fusion-column-wrapper {margin-right : 1.92%;margin-left : 1.92%;}}<\/style><\/div><\/div><style type=\"text\/css\">.fusion-body .fusion-flex-container.fusion-builder-row-1{ padding-top : 0px;margin-top : 10;padding-right : 0px;padding-bottom : 0px;margin-bottom : -10px;padding-left : 0px;}<\/style><\/div>\n","protected":false},"excerpt":{"rendered":"","protected":false},"author":5,"featured_media":0,"parent":0,"menu_order":0,"comment_status":"closed","ping_status":"closed","template":"100-width.php","meta":{"footnotes":""},"class_list":["post-2079","page","type-page","status-publish","hentry"],"_links":{"self":[{"href":"https:\/\/aromaplant.de\/de\/wp-json\/wp\/v2\/pages\/2079","targetHints":{"allow":["GET"]}}],"collection":[{"href":"https:\/\/aromaplant.de\/de\/wp-json\/wp\/v2\/pages"}],"about":[{"href":"https:\/\/aromaplant.de\/de\/wp-json\/wp\/v2\/types\/page"}],"author":[{"embeddable":true,"href":"https:\/\/aromaplant.de\/de\/wp-json\/wp\/v2\/users\/5"}],"replies":[{"embeddable":true,"href":"https:\/\/aromaplant.de\/de\/wp-json\/wp\/v2\/comments?post=2079"}],"version-history":[{"count":11,"href":"https:\/\/aromaplant.de\/de\/wp-json\/wp\/v2\/pages\/2079\/revisions"}],"predecessor-version":[{"id":2371,"href":"https:\/\/aromaplant.de\/de\/wp-json\/wp\/v2\/pages\/2079\/revisions\/2371"}],"wp:attachment":[{"href":"https:\/\/aromaplant.de\/de\/wp-json\/wp\/v2\/media?parent=2079"}],"curies":[{"name":"wp","href":"https:\/\/api.w.org\/{rel}","templated":true}]}}